{"id":277,"date":"2011-07-28T18:36:21","date_gmt":"2011-07-28T17:36:21","guid":{"rendered":"http:\/\/cut.the.crap.free.fr\/?page_id=277"},"modified":"2018-01-01T18:34:25","modified_gmt":"2018-01-01T17:34:25","slug":"contact","status":"publish","type":"page","link":"https:\/\/www.incaudavenenum.org\/cut.the.crap\/contact\/","title":{"rendered":"Contact"},"content":{"rendered":"\n<div class=\"wpcf7 no-js\" id=\"wpcf7-f1166-o1\" lang=\"fr-FR\" dir=\"ltr\" data-wpcf7-id=\"1166\">\n<div class=\"screen-reader-response\"><p role=\"status\" aria-live=\"polite\" aria-atomic=\"true\"><\/p> <ul><\/ul><\/div>\n<form action=\"\/cut.the.crap\/wp-json\/wp\/v2\/pages\/277#wpcf7-f1166-o1\" method=\"post\" class=\"wpcf7-form init\" aria-label=\"Formulaire de contact\" novalidate=\"novalidate\" data-status=\"init\">\n<fieldset class=\"hidden-fields-container\"><input type=\"hidden\" name=\"_wpcf7\" value=\"1166\" \/><input type=\"hidden\" name=\"_wpcf7_version\" value=\"6.1.5\" \/><input type=\"hidden\" name=\"_wpcf7_locale\" value=\"fr_FR\" \/><input type=\"hidden\" name=\"_wpcf7_unit_tag\" value=\"wpcf7-f1166-o1\" \/><input type=\"hidden\" name=\"_wpcf7_container_post\" value=\"0\" \/><input type=\"hidden\" name=\"_wpcf7_posted_data_hash\" value=\"\" \/>\n<\/fieldset>\n<p><label> Votre nom (obligatoire)<br \/>\n<span class=\"wpcf7-form-control-wrap\" data-name=\"your-name\"><input size=\"40\" maxlength=\"400\" class=\"wpcf7-form-control wpcf7-text wpcf7-validates-as-required\" aria-required=\"true\" aria-invalid=\"false\" value=\"\" type=\"text\" name=\"your-name\" \/><\/span> <\/label>\n<\/p>\n<p><label> Votre adresse de messagerie (obligatoire)<br \/>\n<span class=\"wpcf7-form-control-wrap\" data-name=\"your-email\"><input size=\"40\" maxlength=\"400\" class=\"wpcf7-form-control wpcf7-email wpcf7-validates-as-required wpcf7-text wpcf7-validates-as-email\" aria-required=\"true\" aria-invalid=\"false\" value=\"\" type=\"email\" name=\"your-email\" \/><\/span> <\/label>\n<\/p>\n<p><label> Objet<br \/>\n<span class=\"wpcf7-form-control-wrap\" data-name=\"your-subject\"><input size=\"40\" maxlength=\"400\" class=\"wpcf7-form-control wpcf7-text\" aria-invalid=\"false\" value=\"\" type=\"text\" name=\"your-subject\" \/><\/span> <\/label>\n<\/p>\n<p><label> Votre message<br \/>\n<span class=\"wpcf7-form-control-wrap\" data-name=\"your-message\"><textarea cols=\"40\" rows=\"10\" maxlength=\"2000\" class=\"wpcf7-form-control wpcf7-textarea\" aria-invalid=\"false\" name=\"your-message\"><\/textarea><\/span> <\/label>\n<\/p>\n<p><input class=\"wpcf7-form-control wpcf7-submit has-spinner\" type=\"submit\" value=\"Envoyer\" \/>\n<\/p><p style=\"display: none !important;\" class=\"akismet-fields-container\" data-prefix=\"_wpcf7_ak_\"><label>&#916;<textarea name=\"_wpcf7_ak_hp_textarea\" cols=\"45\" rows=\"8\" maxlength=\"100\"><\/textarea><\/label><input type=\"hidden\" id=\"ak_js_1\" name=\"_wpcf7_ak_js\" value=\"88\"\/><script data-jetpack-boost=\"ignore\">\ndocument.getElementById( \"ak_js_1\" ).setAttribute( \"value\", ( new Date() ).getTime() );\n<\/script>\n<\/p><div class=\"wpcf7-response-output\" aria-hidden=\"true\"><\/div>\n<\/form>\n<\/div>\n\n","protected":false},"excerpt":{"rendered":"","protected":false},"author":6,"featured_media":0,"parent":0,"menu_order":5,"comment_status":"open","ping_status":"open","template":"","meta":{"jetpack_post_was_ever_published":false,"footnotes":""},"class_list":["post-277","page","type-page","status-publish","hentry"],"yoast_head":"<!-- This site is optimized with the Yoast SEO plugin v27.5 - https:\/\/yoast.com\/product\/yoast-seo-wordpress\/ -->\n<title>Contact - Cut The Crap<\/title>\n<meta name=\"robots\" content=\"index, follow, max-snippet:-1, max-image-preview:large, max-video-preview:-1\" \/>\n<link rel=\"canonical\" href=\"https:\/\/www.incaudavenenum.org\/cut.the.crap\/contact\/\" \/>\n<meta property=\"og:locale\" content=\"fr_FR\" \/>\n<meta property=\"og:type\" content=\"article\" \/>\n<meta property=\"og:title\" content=\"Contact - Cut The Crap\" \/>\n<meta property=\"og:url\" content=\"https:\/\/www.incaudavenenum.org\/cut.the.crap\/contact\/\" \/>\n<meta property=\"og:site_name\" content=\"Cut The Crap\" \/>\n<meta property=\"article:publisher\" content=\"https:\/\/www.facebook.com\/Cut-the-Crap-239882412697830\/\" \/>\n<meta property=\"article:modified_time\" content=\"2018-01-01T17:34:25+00:00\" \/>\n<meta property=\"og:image\" content=\"https:\/\/i0.wp.com\/www.incaudavenenum.org\/cut.the.crap\/wp-content\/uploads\/2018\/01\/marxengelsNB2.jpg?fit=940%2C198&ssl=1\" \/>\n\t<meta property=\"og:image:width\" content=\"940\" \/>\n\t<meta property=\"og:image:height\" content=\"198\" \/>\n\t<meta property=\"og:image:type\" content=\"image\/jpeg\" \/>\n<meta name=\"twitter:card\" content=\"summary_large_image\" \/>\n<meta name=\"twitter:site\" content=\"@cutzecrap\" \/>\n<script type=\"application\/ld+json\" class=\"yoast-schema-graph\">{\"@context\":\"https:\\\/\\\/schema.org\",\"@graph\":[{\"@type\":\"WebPage\",\"@id\":\"https:\\\/\\\/www.incaudavenenum.org\\\/cut.the.crap\\\/contact\\\/\",\"url\":\"https:\\\/\\\/www.incaudavenenum.org\\\/cut.the.crap\\\/contact\\\/\",\"name\":\"Contact - Cut The Crap\",\"isPartOf\":{\"@id\":\"https:\\\/\\\/www.incaudavenenum.org\\\/cut.the.crap\\\/#website\"},\"datePublished\":\"2011-07-28T17:36:21+00:00\",\"dateModified\":\"2018-01-01T17:34:25+00:00\",\"breadcrumb\":{\"@id\":\"https:\\\/\\\/www.incaudavenenum.org\\\/cut.the.crap\\\/contact\\\/#breadcrumb\"},\"inLanguage\":\"fr-FR\",\"potentialAction\":[{\"@type\":\"ReadAction\",\"target\":[\"https:\\\/\\\/www.incaudavenenum.org\\\/cut.the.crap\\\/contact\\\/\"]}]},{\"@type\":\"BreadcrumbList\",\"@id\":\"https:\\\/\\\/www.incaudavenenum.org\\\/cut.the.crap\\\/contact\\\/#breadcrumb\",\"itemListElement\":[{\"@type\":\"ListItem\",\"position\":1,\"name\":\"Accueil\",\"item\":\"https:\\\/\\\/www.incaudavenenum.org\\\/cut.the.crap\\\/\"},{\"@type\":\"ListItem\",\"position\":2,\"name\":\"Contact\"}]},{\"@type\":\"WebSite\",\"@id\":\"https:\\\/\\\/www.incaudavenenum.org\\\/cut.the.crap\\\/#website\",\"url\":\"https:\\\/\\\/www.incaudavenenum.org\\\/cut.the.crap\\\/\",\"name\":\"Cut The Crap\",\"description\":\"Blog de gauche\",\"publisher\":{\"@id\":\"https:\\\/\\\/www.incaudavenenum.org\\\/cut.the.crap\\\/#organization\"},\"potentialAction\":[{\"@type\":\"SearchAction\",\"target\":{\"@type\":\"EntryPoint\",\"urlTemplate\":\"https:\\\/\\\/www.incaudavenenum.org\\\/cut.the.crap\\\/?s={search_term_string}\"},\"query-input\":{\"@type\":\"PropertyValueSpecification\",\"valueRequired\":true,\"valueName\":\"search_term_string\"}}],\"inLanguage\":\"fr-FR\"},{\"@type\":\"Organization\",\"@id\":\"https:\\\/\\\/www.incaudavenenum.org\\\/cut.the.crap\\\/#organization\",\"name\":\"Cut The Crap\",\"url\":\"https:\\\/\\\/www.incaudavenenum.org\\\/cut.the.crap\\\/\",\"logo\":{\"@type\":\"ImageObject\",\"inLanguage\":\"fr-FR\",\"@id\":\"https:\\\/\\\/www.incaudavenenum.org\\\/cut.the.crap\\\/#\\\/schema\\\/logo\\\/image\\\/\",\"url\":\"https:\\\/\\\/i1.wp.com\\\/www.incaudavenenum.org\\\/cut.the.crap\\\/wp-content\\\/uploads\\\/2018\\\/01\\\/cTc.png?fit=100%2C95\",\"contentUrl\":\"https:\\\/\\\/i1.wp.com\\\/www.incaudavenenum.org\\\/cut.the.crap\\\/wp-content\\\/uploads\\\/2018\\\/01\\\/cTc.png?fit=100%2C95\",\"width\":100,\"height\":95,\"caption\":\"Cut The Crap\"},\"image\":{\"@id\":\"https:\\\/\\\/www.incaudavenenum.org\\\/cut.the.crap\\\/#\\\/schema\\\/logo\\\/image\\\/\"},\"sameAs\":[\"https:\\\/\\\/www.facebook.com\\\/Cut-the-Crap-239882412697830\\\/\",\"https:\\\/\\\/x.com\\\/cutzecrap\"]}]}<\/script>\n<!-- \/ Yoast SEO plugin. -->","yoast_head_json":{"title":"Contact - Cut The Crap","robots":{"index":"index","follow":"follow","max-snippet":"max-snippet:-1","max-image-preview":"max-image-preview:large","max-video-preview":"max-video-preview:-1"},"canonical":"https:\/\/www.incaudavenenum.org\/cut.the.crap\/contact\/","og_locale":"fr_FR","og_type":"article","og_title":"Contact - Cut The Crap","og_url":"https:\/\/www.incaudavenenum.org\/cut.the.crap\/contact\/","og_site_name":"Cut The Crap","article_publisher":"https:\/\/www.facebook.com\/Cut-the-Crap-239882412697830\/","article_modified_time":"2018-01-01T17:34:25+00:00","og_image":[{"width":940,"height":198,"url":"https:\/\/i0.wp.com\/www.incaudavenenum.org\/cut.the.crap\/wp-content\/uploads\/2018\/01\/marxengelsNB2.jpg?fit=940%2C198&ssl=1","type":"image\/jpeg"}],"twitter_card":"summary_large_image","twitter_site":"@cutzecrap","schema":{"@context":"https:\/\/schema.org","@graph":[{"@type":"WebPage","@id":"https:\/\/www.incaudavenenum.org\/cut.the.crap\/contact\/","url":"https:\/\/www.incaudavenenum.org\/cut.the.crap\/contact\/","name":"Contact - Cut The Crap","isPartOf":{"@id":"https:\/\/www.incaudavenenum.org\/cut.the.crap\/#website"},"datePublished":"2011-07-28T17:36:21+00:00","dateModified":"2018-01-01T17:34:25+00:00","breadcrumb":{"@id":"https:\/\/www.incaudavenenum.org\/cut.the.crap\/contact\/#breadcrumb"},"inLanguage":"fr-FR","potentialAction":[{"@type":"ReadAction","target":["https:\/\/www.incaudavenenum.org\/cut.the.crap\/contact\/"]}]},{"@type":"BreadcrumbList","@id":"https:\/\/www.incaudavenenum.org\/cut.the.crap\/contact\/#breadcrumb","itemListElement":[{"@type":"ListItem","position":1,"name":"Accueil","item":"https:\/\/www.incaudavenenum.org\/cut.the.crap\/"},{"@type":"ListItem","position":2,"name":"Contact"}]},{"@type":"WebSite","@id":"https:\/\/www.incaudavenenum.org\/cut.the.crap\/#website","url":"https:\/\/www.incaudavenenum.org\/cut.the.crap\/","name":"Cut The Crap","description":"Blog de gauche","publisher":{"@id":"https:\/\/www.incaudavenenum.org\/cut.the.crap\/#organization"},"potentialAction":[{"@type":"SearchAction","target":{"@type":"EntryPoint","urlTemplate":"https:\/\/www.incaudavenenum.org\/cut.the.crap\/?s={search_term_string}"},"query-input":{"@type":"PropertyValueSpecification","valueRequired":true,"valueName":"search_term_string"}}],"inLanguage":"fr-FR"},{"@type":"Organization","@id":"https:\/\/www.incaudavenenum.org\/cut.the.crap\/#organization","name":"Cut The Crap","url":"https:\/\/www.incaudavenenum.org\/cut.the.crap\/","logo":{"@type":"ImageObject","inLanguage":"fr-FR","@id":"https:\/\/www.incaudavenenum.org\/cut.the.crap\/#\/schema\/logo\/image\/","url":"https:\/\/i1.wp.com\/www.incaudavenenum.org\/cut.the.crap\/wp-content\/uploads\/2018\/01\/cTc.png?fit=100%2C95","contentUrl":"https:\/\/i1.wp.com\/www.incaudavenenum.org\/cut.the.crap\/wp-content\/uploads\/2018\/01\/cTc.png?fit=100%2C95","width":100,"height":95,"caption":"Cut The Crap"},"image":{"@id":"https:\/\/www.incaudavenenum.org\/cut.the.crap\/#\/schema\/logo\/image\/"},"sameAs":["https:\/\/www.facebook.com\/Cut-the-Crap-239882412697830\/","https:\/\/x.com\/cutzecrap"]}]}},"jetpack_shortlink":"https:\/\/wp.me\/P9z98q-4t","jetpack_likes_enabled":true,"jetpack-related-posts":[{"id":268,"url":"https:\/\/www.incaudavenenum.org\/cut.the.crap\/chimeres\/","url_meta":{"origin":277,"position":0},"title":"Chim\u00e8res","author":"\u1d10T\u1d04","date":"28 juillet 2011","format":false,"excerpt":"\u00a0","rel":"","context":"Dans \"chim\u00e8re\"","block_context":{"text":"chim\u00e8re","link":"https:\/\/www.incaudavenenum.org\/cut.the.crap\/tag\/chimere\/"},"img":{"alt_text":"","src":"https:\/\/i0.wp.com\/www.incaudavenenum.org\/cut.the.crap\/wp-content\/uploads\/2018\/12\/gramsci.jpg?resize=350%2C200&ssl=1","width":350,"height":200,"srcset":"https:\/\/i0.wp.com\/www.incaudavenenum.org\/cut.the.crap\/wp-content\/uploads\/2018\/12\/gramsci.jpg?resize=350%2C200&ssl=1 1x, https:\/\/i0.wp.com\/www.incaudavenenum.org\/cut.the.crap\/wp-content\/uploads\/2018\/12\/gramsci.jpg?resize=525%2C300&ssl=1 1.5x, https:\/\/i0.wp.com\/www.incaudavenenum.org\/cut.the.crap\/wp-content\/uploads\/2018\/12\/gramsci.jpg?resize=700%2C400&ssl=1 2x, https:\/\/i0.wp.com\/www.incaudavenenum.org\/cut.the.crap\/wp-content\/uploads\/2018\/12\/gramsci.jpg?resize=1050%2C600&ssl=1 3x"},"classes":[]},{"id":102,"url":"https:\/\/www.incaudavenenum.org\/cut.the.crap\/choses-lues\/","url_meta":{"origin":277,"position":1},"title":"Choses lues","author":"\u1d10T\u1d04","date":"6 novembre 2010","format":false,"excerpt":"\"Tout ce que l'\u00e9conomie t'enl\u00e8ve de vie et d'humanit\u00e9, elle te le remplace en images et en repr\u00e9sentations ; tout ce que tu ne peux pas faire, tu peux en \u00eatre le spectateur.\" Baudouin de Bodinat, La vie sur terre (R\u00e9flexions sur le peu d'avenir que contient le temps o\u00f9\u2026","rel":"","context":"Dans \"Baudouin de Bodinat\"","block_context":{"text":"Baudouin de Bodinat","link":"https:\/\/www.incaudavenenum.org\/cut.the.crap\/tag\/baudouin-de-bodinat\/"},"img":{"alt_text":"","src":"","width":0,"height":0},"classes":[]},{"id":2,"url":"https:\/\/www.incaudavenenum.org\/cut.the.crap\/a-propos\/","url_meta":{"origin":277,"position":2},"title":"\u00c0 propos","author":"\u1d10T\u1d04","date":"14 f\u00e9vrier 2010","format":false,"excerpt":"Arr\u00eatons les conneries\u00a0! Cut the crap ! Aust\u00e9rit\u00e9, social-lib\u00e9ralisme, contre-r\u00e9formes antisociales, confiscation du pouvoir, n\u00e9potisme, corruption, dictature \u00e9conomique, coup d'Etat financier, technocratie, obsession s\u00e9curitaire, oppression polici\u00e8re, soumission sociale, renforcement des in\u00e9galit\u00e9s, perp\u00e9tuation des injustices, phallocratie, destruction de l'environnement, ab\u00eatissement de la population, laideur bling bling, isolement des individus, r\u00e9signation, impuissance\u2026","rel":"","context":"Dans \"anarchisme\"","block_context":{"text":"anarchisme","link":"https:\/\/www.incaudavenenum.org\/cut.the.crap\/tag\/anarchisme\/"},"img":{"alt_text":"","src":"","width":0,"height":0},"classes":[]},{"id":109,"url":"https:\/\/www.incaudavenenum.org\/cut.the.crap\/choses-vues\/","url_meta":{"origin":277,"position":3},"title":"Choses vues","author":"\u1d10T\u1d04","date":"6 novembre 2010","format":false,"excerpt":"D\u00e9rives urbaines et extra-urbaines Plus de photos sur notre portail anartistique IN CAUDA VENENUM et sur le r\u00e9seau antisocial Instagram \u00a0 Journal distribu\u00e9 lors de la manifestation du 6 novembre 2010 \u00e0 Paris","rel":"","context":"Dans \"CFC-BAP\"","block_context":{"text":"CFC-BAP","link":"https:\/\/www.incaudavenenum.org\/cut.the.crap\/tag\/cfc-bap\/"},"img":{"alt_text":"","src":"https:\/\/i0.wp.com\/www.incaudavenenum.org\/cut.the.crap\/wp-content\/uploads\/2019\/12\/greve-retraite.jpg?resize=350%2C200&ssl=1","width":350,"height":200,"srcset":"https:\/\/i0.wp.com\/www.incaudavenenum.org\/cut.the.crap\/wp-content\/uploads\/2019\/12\/greve-retraite.jpg?resize=350%2C200&ssl=1 1x, https:\/\/i0.wp.com\/www.incaudavenenum.org\/cut.the.crap\/wp-content\/uploads\/2019\/12\/greve-retraite.jpg?resize=525%2C300&ssl=1 1.5x, https:\/\/i0.wp.com\/www.incaudavenenum.org\/cut.the.crap\/wp-content\/uploads\/2019\/12\/greve-retraite.jpg?resize=700%2C400&ssl=1 2x"},"classes":[]}],"jetpack_sharing_enabled":false,"_links":{"self":[{"href":"https:\/\/www.incaudavenenum.org\/cut.the.crap\/wp-json\/wp\/v2\/pages\/277","targetHints":{"allow":["GET"]}}],"collection":[{"href":"https:\/\/www.incaudavenenum.org\/cut.the.crap\/wp-json\/wp\/v2\/pages"}],"about":[{"href":"https:\/\/www.incaudavenenum.org\/cut.the.crap\/wp-json\/wp\/v2\/types\/page"}],"author":[{"embeddable":true,"href":"https:\/\/www.incaudavenenum.org\/cut.the.crap\/wp-json\/wp\/v2\/users\/6"}],"replies":[{"embeddable":true,"href":"https:\/\/www.incaudavenenum.org\/cut.the.crap\/wp-json\/wp\/v2\/comments?post=277"}],"version-history":[{"count":1,"href":"https:\/\/www.incaudavenenum.org\/cut.the.crap\/wp-json\/wp\/v2\/pages\/277\/revisions"}],"predecessor-version":[{"id":1167,"href":"https:\/\/www.incaudavenenum.org\/cut.the.crap\/wp-json\/wp\/v2\/pages\/277\/revisions\/1167"}],"wp:attachment":[{"href":"https:\/\/www.incaudavenenum.org\/cut.the.crap\/wp-json\/wp\/v2\/media?parent=277"}],"curies":[{"name":"wp","href":"https:\/\/api.w.org\/{rel}","templated":true}]}}